{"id":741,"date":"2025-04-15T07:56:57","date_gmt":"2025-04-15T07:56:57","guid":{"rendered":"https:\/\/pavimento-logistico.prosistemas.com\/?post_type=product&#038;p=741"},"modified":"2025-04-15T07:56:57","modified_gmt":"2025-04-15T07:56:57","slug":"consultoria-y-asesoramiento-para-el-calculo-de-soleras-y-descripcion-de-pavimentos","status":"publish","type":"product","link":"https:\/\/pavimento-logistico.prosistemas.com\/nl\/producto\/consultoria-y-asesoramiento-para-el-calculo-de-soleras-y-descripcion-de-pavimentos\/","title":{"rendered":"Consultor\u00eda y asesoramiento para el c\u00e1lculo de soleras y descripci\u00f3n de pavimentos"},"content":{"rendered":"<p>Los materiales de \u00faltima generaci\u00f3n permiten crear pavimentos con caracter\u00edsticas espec\u00edficas para el uso que van a recibir. Prosistemas empieza mucho antes de iniciar la obra, definiendo y asesorando a las ingenier\u00edas y estudios de arquitectura que desarrollan proyectos industriales, log\u00edsticos o especiales como centros de datos entre otros.<\/p>\n<p>El coste de este asesoramiento ser\u00e1 descontar\u00e1 en la factura final de los proyectos realizados \u00edntegramente -ejecuci\u00f3n de obra-.<\/p>\n","protected":false},"excerpt":{"rendered":"<p>Servicio de oficina t\u00e9cnica e ingenier\u00eda para proyectos industriales, log\u00edsticos u otros sectores.<\/p>\n","protected":false},"featured_media":742,"template":"","meta":[],"product_brand":[],"product_cat":[25],"product_tag":[],"class_list":{"0":"post-741","1":"product","2":"type-product","3":"status-publish","4":"has-post-thumbnail","6":"product_cat-pavimentos","8":"first","9":"instock","10":"taxable","11":"shipping-taxable","12":"purchasable","13":"product-type-simple"},"_links":{"self":[{"href":"https:\/\/pavimento-logistico.prosistemas.com\/nl\/wp-json\/wp\/v2\/product\/741","targetHints":{"allow":["GET"]}}],"collection":[{"href":"https:\/\/pavimento-logistico.prosistemas.com\/nl\/wp-json\/wp\/v2\/product"}],"about":[{"href":"https:\/\/pavimento-logistico.prosistemas.com\/nl\/wp-json\/wp\/v2\/types\/product"}],"wp:featuredmedia":[{"embeddable":true,"href":"https:\/\/pavimento-logistico.prosistemas.com\/nl\/wp-json\/wp\/v2\/media\/742"}],"wp:attachment":[{"href":"https:\/\/pavimento-logistico.prosistemas.com\/nl\/wp-json\/wp\/v2\/media?parent=741"}],"wp:term":[{"taxonomy":"product_brand","embeddable":true,"href":"https:\/\/pavimento-logistico.prosistemas.com\/nl\/wp-json\/wp\/v2\/product_brand?post=741"},{"taxonomy":"product_cat","embeddable":true,"href":"https:\/\/pavimento-logistico.prosistemas.com\/nl\/wp-json\/wp\/v2\/product_cat?post=741"},{"taxonomy":"product_tag","embeddable":true,"href":"https:\/\/pavimento-logistico.prosistemas.com\/nl\/wp-json\/wp\/v2\/product_tag?post=741"}],"curies":[{"name":"wp","href":"https:\/\/api.w.org\/{rel}","templated":true}]}}